{"id":296,"date":"2017-09-04T14:31:16","date_gmt":"2017-09-04T14:31:16","guid":{"rendered":"https:\/\/fetalcare.cl\/nuevositio\/?page_id=296"},"modified":"2026-01-23T18:21:43","modified_gmt":"2026-01-23T18:21:43","slug":"contacto","status":"publish","type":"page","link":"https:\/\/fetalcare.cl\/index.php\/contacto\/","title":{"rendered":"Contacto"},"content":{"rendered":"<div class=\"wpb-content-wrapper\"><p>[vc_row full_width=\u00bbstretch_row_content\u00bb][vc_column width=\u00bb1\/2&#8243;][vc_empty_space height=\u00bb1.3rem\u00bb alter_height=\u00bbnone\u00bb hide_on_desktop=\u00bb\u00bb hide_on_notebook=\u00bb\u00bb hide_on_tablet=\u00bb\u00bb hide_on_mobile=\u00bb\u00bb]<div id=\"sc_title_829513257\"\n\t\tclass=\"sc_title color_style_default sc_title_default\"><h6 class=\"sc_item_subtitle sc_title_subtitle sc_align_left sc_item_title_style_default\"><span>informaci\u00f3n de contacto<\/span><\/h6><h3 class=\"sc_item_title sc_title_title sc_align_left sc_item_title_style_default\">Cont\u00e1ctanos<\/h3><div class=\"sc_item_descr sc_title_descr sc_align_left\"><p>\u00bfNecesitas agendar una cita o tienes preguntas? Completa el formulario o escr\u00edbenos directamente. Estamos aqu\u00ed para acompa\u00f1arte.<\/p>\n<\/div><\/div><!-- \/.sc_title --><div id=\"sc_icons_2077416014\" \n\tclass=\"sc_icons sc_icons_default sc_icons_size_small sc_align_center  vc_custom_1768255803269\"><div class=\"sc_icons_item sc_icons_item_linked\"><div id=\"sc_icons_2077416014_icon-phone\" class=\"sc_icons_icon sc_icon_type_ icon-phone\"\n\t\t\t\t\t\t\t\t\t\t\t\t><span class=\"sc_icon_type_ icon-phone\"><\/span><\/div><h4 class=\"sc_icons_item_title\"><span>Ll\u00e1manos al:<\/span><\/h4><div class=\"sc_icons_item_description\"><span>+569 6168 9962<\/span><\/div><a href=\"tel:56961689962\" class=\"sc_icons_item_link\"><\/a><\/div><div class=\"sc_icons_item sc_icons_item_linked\"><div id=\"sc_icons_2077416014_icon-location\" class=\"sc_icons_icon sc_icon_type_ icon-location\"\n\t\t\t\t\t\t\t\t\t\t\t\t><span class=\"sc_icon_type_ icon-location\"><\/span><\/div><h4 class=\"sc_icons_item_title\"><span>Vis\u00edtanos en:<\/span><\/h4><div class=\"sc_icons_item_description\"><span>Lo Fontecilla 101, Torre A, Of 601-602, Las Condes, Santiago, Chile.<\/span><\/div><a href=\"https:\/\/maps.app.goo.gl\/nWffZFmBHJNEwG7J6\" class=\"sc_icons_item_link\"><\/a><\/div><div class=\"sc_icons_item sc_icons_item_linked\"><div id=\"sc_icons_2077416014_icon-mail\" class=\"sc_icons_icon sc_icon_type_ icon-mail\"\n\t\t\t\t\t\t\t\t\t\t\t\t><span class=\"sc_icon_type_ icon-mail\"><\/span><\/div><h4 class=\"sc_icons_item_title\"><span>Escr\u00edbenos a:<\/span><\/h4><div class=\"sc_icons_item_description\"><span>contacto@fetalcare.cl<\/span><\/div><a href=\"mailto:contacto@fetalcare.cl\" class=\"sc_icons_item_link\"><\/a><\/div><\/div><!-- \/.sc_icons -->[vc_empty_space alter_height=\u00bbsmall\u00bb hide_on_desktop=\u00bb\u00bb hide_on_notebook=\u00bb\u00bb hide_on_tablet=\u00bb\u00bb hide_on_mobile=\u00bb\u00bb][\/vc_column][vc_column width=\u00bb1\/2&#8243;][vc_empty_space alter_height=\u00bblarge\u00bb hide_on_desktop=\u00bb\u00bb hide_on_notebook=\u00bb\u00bb hide_on_tablet=\u00bb\u00bb hide_on_mobile=\u00bb\u00bb]<div id=\"sc_googlemap_1027344494_wrap\" class=\"sc_googlemap_wrap\"><div id=\"sc_googlemap_1027344494\"\n\t\t\tclass=\"sc_googlemap sc_googlemap_default  vc_custom_1768255400162\"\n\t\t\t style=\"width:100%;height:597px;\"\t\t\tdata-zoom=\"14\"\n\t\t\tdata-style=\"grey\"\n\t\t\tdata-cluster-icon=\"\"\n        ><iframe\n                    src=\"https:\/\/maps.google.com\/maps?t=m&output=embed&iwloc=near&z=14&q=Lo+Fontecilla+101%2C+Las+Condes\"\n                    scrolling=\"no\"\n                    marginheight=\"0\"\n                    marginwidth=\"0\"\n                    frameborder=\"0\"\n                    aria-label=\"\"><\/iframe><\/div><\/div><!-- \/.sc_googlemap_wrap -->[\/vc_column][\/vc_row][vc_row full_width=\u00bbstretch_row_content\u00bb][vc_column][vc_empty_space alter_height=\u00bbmedium\u00bb hide_on_desktop=\u00bb\u00bb hide_on_notebook=\u00bb\u00bb hide_on_tablet=\u00bb\u00bb hide_on_mobile=\u00bb\u00bb][\/vc_column][vc_column offset=\u00bbvc_col-md-6&#8243; css=\u00bb.vc_custom_1769007536056{padding-right: 10px !important;padding-left: 10px !important;}\u00bb][vc_single_image image=\u00bb1282&#8243; img_size=\u00bb800&#8243; alignment=\u00bbcenter\u00bb style=\u00bbvc_box_rounded\u00bb css=\u00bb\u00bb][vc_empty_space hide_on_desktop=\u00bb\u00bb hide_on_notebook=\u00bb\u00bb hide_on_tablet=\u00bb\u00bb hide_on_mobile=\u00bb\u00bb][\/vc_column][vc_column offset=\u00bbvc_col-md-6&#8243;]<div id=\"sc_title_1307840618\"\n\t\tclass=\"sc_title color_style_default sc_title_default  vc_custom_1768939309684\"><h6 class=\"sc_item_subtitle sc_title_subtitle sc_align_left sc_item_title_style_default\"><span>Lo que necesitas saber<\/span><\/h6><h3 class=\"sc_item_title sc_title_title sc_align_left sc_item_title_style_default\">Preguntas Frecuentes<\/h3><\/div><!-- \/.sc_title -->[vc_empty_space alter_height=\u00bbmedium\u00bb hide_on_desktop=\u00bb\u00bb hide_on_notebook=\u00bb\u00bb hide_on_tablet=\u00bb\u00bb hide_on_mobile=\u00bb\u00bb][vc_tta_accordion title_tag=\u00bbh1&#8243; section_title_tag=\u00bbh2&#8243; shape=\u00bbround\u00bb spacing=\u00bb1&#8243; c_align=\u00bbleft\u00bb c_icon=\u00bb\u00bb active_section=\u00bb1&#8243; collapsible_all=\u00bbtrue\u00bb][vc_tta_section title=\u00bb\u00bfQu\u00e9 es el ADN libre fetal?\u00bb tab_id=\u00bb1498134750982-8ec1bd0b-0ef3&#8243;][vc_column_text css=\u00bb\u00bb]<span style=\"font-weight: 400;\">El ADN libre fetal en sangre materna \u2014tambi\u00e9n conocido como <\/span><i><span style=\"font-weight: 400;\">examen prenatal no invasivo (NIPT)<\/span><\/i><span style=\"font-weight: 400;\">\u2014 es un an\u00e1lisis que, a trav\u00e9s de una simple muestra de sangre de la madre, permite evaluar el riesgo de que la guag\u00fcita presente ciertas condiciones gen\u00e9ticas, como las trisom\u00edas 21, 18 y 13 (s\u00edndrome de Down, Edwards y Patau, respectivamente).<\/span><span style=\"font-weight: 400;\"><br \/>\n<\/span><span style=\"font-weight: 400;\">Estos son los estudios b\u00e1sicos, pero existen ex\u00e1menes m\u00e1s completos que pueden incluir la pesquisa de un mayor n\u00famero de alteraciones cromos\u00f3micas.<\/span>[\/vc_column_text][\/vc_tta_section][vc_tta_section title=\u00bb\u00bfDesde cu\u00e1ndo puedo realizarme este examen?\u00bb tab_id=\u00bb1767856485684-04969eaf-50a7&#8243;][vc_column_text css=\u00bb\u00bb]<span style=\"font-weight: 400;\">Se recomienda tomarlo desde las 10 semanas de gestaci\u00f3n, momento en el que la concentraci\u00f3n de ADN fetal en la sangre materna es suficiente para realizar un an\u00e1lisis confiable.<\/span>[\/vc_column_text][\/vc_tta_section][vc_tta_section title=\u00bb\u00bfCu\u00e1l es su valor y cu\u00e1nto demora el resultado?\u00bb tab_id=\u00bb1767856532460-abc52257-5b78&#8243;][vc_column_text css=\u00bb\u00bb]<span style=\"font-weight: 400;\">El costo depende del tipo de examen y del laboratorio que lo procese, as\u00ed como de la cantidad de condiciones gen\u00e9ticas evaluadas. En general, su valor var\u00eda entre <\/span><b>$280.000 y $420.000<\/b><span style=\"font-weight: 400;\">.<\/span><\/p>\n<p><span style=\"font-weight: 400;\">El tiempo de entrega suele ser de <\/span><b>10 a 12 d\u00edas h\u00e1biles<\/b><span style=\"font-weight: 400;\">.<\/span>[\/vc_column_text][\/vc_tta_section][vc_tta_section title=\u00bb\u00bfCu\u00e1ntos controles se requieren durante mi embarazo?\u00bb tab_id=\u00bb1501673685938-c4ed9451-8858&#8243;][vc_column_text css=\u00bb\u00bb]El esquema de controles m\u00e1s utilizado en diferentes pa\u00edses, y tambi\u00e9n en nuestro pa\u00eds, consiste en un control cada cuatro semanas hasta la semana 28, luego cada dos semanas hasta la 36, y posteriormente un control semanal hasta el momento del parto. El esquema a controles podr\u00e1 ser individualizado para pacientes con embarazos de alto riesgo.[\/vc_column_text][\/vc_tta_section][vc_tta_section title=\u00bb\u00bfCu\u00e1ntas ecografias debo hacer durante mi embarazo?\u00bb tab_id=\u00bb1501673724328-d5113eec-e4e0&#8243;][vc_column_text css=\u00bb\u00bb]Las gu\u00edas internacionales sugieren dentro un adecuado control contar con las siguientes ecograf\u00edas una al inicio del embarazo llamada ecograf\u00eda precoz donde se puede confirmar la fecha de ultima regla. Una segunda ecograf\u00eda llamada screening de I trimestre o eco 11-14 donde se determinar\u00e1n riesgo de alteraciones de los cromosomas y riesgo de PE. Una tercera ecograf\u00eda anat\u00f3mica donde c\u00f3mo su nombre lo explica se busca dirigidamente la anatom\u00eda normal de un bebe pesquisando malformaciones de las cardiacas, cerebrales de extremidades entre otras, tambi\u00e9n sirve para detectar riesgo de parto prematuro y evaluaci\u00f3n placentaria. Una \u00faltima ecograf\u00eda en el tercer trimestre para poder identificar el peso del bebe y buscar riesgo de restricci\u00f3n del crecimiento fetal.[\/vc_column_text][\/vc_tta_section][vc_tta_section title=\u00bb\u00bfEn el centro cuentan con ecograf\u00eda 3D, 4D y 5D?\u00bb tab_id=\u00bb1767856600964-bcf946a5-307f\u00bb][vc_column_text css=\u00bb\u00bb]<span style=\"font-weight: 400;\">S\u00ed, en nuestro centro realizamos ecograf\u00edas 3D, 4D y 5D. Al finalizar la evaluaci\u00f3n, te entregamos un pendrive con la grabaci\u00f3n y las im\u00e1genes obtenidas, adem\u00e1s del informe correspondiente.<\/span>[\/vc_column_text][\/vc_tta_section][\/vc_tta_accordion][vc_empty_space hide_on_desktop=\u00bb\u00bb hide_on_notebook=\u00bb\u00bb hide_on_tablet=\u00bb\u00bb hide_on_mobile=\u00bb\u00bb][vc_empty_space hide_on_desktop=\u00bb\u00bb hide_on_notebook=\u00bb\u00bb hide_on_tablet=\u00bb\u00bb hide_on_mobile=\u00bb\u00bb][\/vc_column][\/vc_row][vc_row full_width=\u00bbstretch_row_content\u00bb scheme=\u00bbdefault\u00bb hide_bg_image_on_tablet=\u00bb\u00bb hide_bg_image_on_mobile=\u00bb\u00bb css=\u00bb.vc_custom_1769191122019{margin-left: 200px !important;padding-left: 200px !important;background: #FFFFFF54 url(https:\/\/fetalcare.cl\/wp-content\/uploads\/2025\/08\/contacto.png?id=1336) !important;background-position: top right !important;background-repeat: no-repeat !important;background-size: cover !important;}\u00bb][vc_column][vc_empty_space height=\u00bb50px\u00bb alter_height=\u00bbhuge\u00bb hide_on_desktop=\u00bb\u00bb hide_on_notebook=\u00bb\u00bb hide_on_tablet=\u00bb\u00bb hide_on_mobile=\u00bb\u00bb css=\u00bb.vc_custom_1768255761727{margin-bottom: -0.7rem !important;}\u00bb][\/vc_column][vc_column offset=\u00bbvc_col-md-6&#8243;][vc_column_text css=\u00bb\u00bb]<big><span style=\"color: #ffffff;\">\u00bfTienes dudas?<\/span><\/big>[\/vc_column_text][vc_column_text css=\u00bb.vc_custom_1768255268210{padding-top: 8px !important;padding-bottom: 15px !important;}\u00bb]<\/p>\n<h2><span style=\"color: #ffffff;\">Escr\u00edbenos<\/span><\/h2>\n<p>[\/vc_column_text]\n<div class=\"wpcf7 no-js\" id=\"wpcf7-f834-o1\" lang=\"en-US\" dir=\"ltr\" data-wpcf7-id=\"834\">\n<div class=\"screen-reader-response\"><p role=\"status\" aria-live=\"polite\" aria-atomic=\"true\"><\/p> <ul><\/ul><\/div>\n<form action=\"\/index.php\/wp-json\/wp\/v2\/pages\/296#wpcf7-f834-o1\" method=\"post\" class=\"wpcf7-form init\" aria-label=\"Contact form\" novalidate=\"novalidate\" data-status=\"init\">\n<fieldset class=\"hidden-fields-container\"><input type=\"hidden\" name=\"_wpcf7\" value=\"834\" \/><input type=\"hidden\" name=\"_wpcf7_version\" value=\"6.1.4\" \/><input type=\"hidden\" name=\"_wpcf7_locale\" value=\"en_US\" \/><input type=\"hidden\" name=\"_wpcf7_unit_tag\" value=\"wpcf7-f834-o1\" \/><input type=\"hidden\" name=\"_wpcf7_container_post\" value=\"0\" \/><input type=\"hidden\" name=\"_wpcf7_posted_data_hash\" value=\"\" \/><input type=\"hidden\" name=\"_wpcf7_recaptcha_response\" value=\"\" \/>\n<\/fieldset>\n<div class=\"flex\">\n<div class='itm row' ><span class=\"wpcf7-form-control-wrap\" data-name=\"your-name\"><input size=\"40\" maxlength=\"400\" class=\"wpcf7-form-control wpcf7-text wpcf7-validates-as-required\" aria-required=\"true\" aria-invalid=\"false\" placeholder=\"Nombre*\" value=\"\" type=\"text\" name=\"your-name\" \/><\/span><\/div> \n<div class='itm row'><span class=\"wpcf7-form-control-wrap\" data-name=\"your-email\"><input size=\"40\" maxlength=\"400\" class=\"wpcf7-form-control wpcf7-email wpcf7-validates-as-required wpcf7-text wpcf7-validates-as-email\" aria-required=\"true\" aria-invalid=\"false\" placeholder=\"Mail*\" value=\"\" type=\"email\" name=\"your-email\" \/><\/span><\/div><\/div>\n<div class=''><span class=\"wpcf7-form-control-wrap\" data-name=\"your-message\"><textarea cols=\"40\" rows=\"10\" maxlength=\"2000\" class=\"wpcf7-form-control wpcf7-textarea wpcf7-validates-as-required\" aria-required=\"true\" aria-invalid=\"false\" placeholder=\"Mensaje*\" name=\"your-message\"><\/textarea><\/span><\/div>\n<div class=\"sc_form_field sc_form_field_button sc_form_field_submit\"><input class=\"wpcf7-form-control wpcf7-submit has-spinner\" type=\"submit\" value=\"Enviar\" \/><\/div><div class=\"wpcf7-response-output\" aria-hidden=\"true\"><\/div>\n<\/form>\n<\/div>\n[\/vc_column][vc_column][vc_empty_space alter_height=\u00bbhuge\u00bb hide_on_desktop=\u00bb\u00bb hide_on_notebook=\u00bb\u00bb hide_on_tablet=\u00bb\u00bb hide_on_mobile=\u00bb\u00bb css=\u00bb.vc_custom_1511442377737{margin-top: -0.3rem !important;}\u00bb][\/vc_column][\/vc_row]<\/p>\n<\/div>","protected":false},"excerpt":{"rendered":"<p>[vc_row full_width=\u00bbstretch_row_content\u00bb][vc_column width=\u00bb1\/2&#8243;][vc_empty_space height=\u00bb1.3rem\u00bb alter_height=\u00bbnone\u00bb hide_on_desktop=\u00bb\u00bb hide_on_notebook=\u00bb\u00bb hide_on_tablet=\u00bb\u00bb hide_on_mobile=\u00bb\u00bb][vc_empty_space alter_height=\u00bbsmall\u00bb hide_on_desktop=\u00bb\u00bb hide_on_notebook=\u00bb\u00bb hide_on_tablet=\u00bb\u00bb hide_on_mobile=\u00bb\u00bb][\/vc_column][vc_column width=\u00bb1\/2&#8243;][vc_empty_space alter_height=\u00bblarge\u00bb hide_on_desktop=\u00bb\u00bb hide_on_notebook=\u00bb\u00bb hide_on_tablet=\u00bb\u00bb hide_on_mobile=\u00bb\u00bb][\/vc_column][\/vc_row][vc_row full_width=\u00bbstretch_row_content\u00bb][vc_column][vc_empty_space alter_height=\u00bbmedium\u00bb hide_on_desktop=\u00bb\u00bb hide_on_notebook=\u00bb\u00bb hide_on_tablet=\u00bb\u00bb hide_on_mobile=\u00bb\u00bb][\/vc_column][vc_column offset=\u00bbvc_col-md-6&#8243; css=\u00bb.vc_custom_1769007536056{padding-right: 10px !important;padding-left: 10px !important;}\u00bb][vc_single_image image=\u00bb1282&#8243; img_size=\u00bb800&#8243; alignment=\u00bbcenter\u00bb style=\u00bbvc_box_rounded\u00bb css=\u00bb\u00bb][vc_empty_space hide_on_desktop=\u00bb\u00bb hide_on_notebook=\u00bb\u00bb hide_on_tablet=\u00bb\u00bb hide_on_mobile=\u00bb\u00bb][\/vc_column][vc_column offset=\u00bbvc_col-md-6&#8243;][vc_empty_space alter_height=\u00bbmedium\u00bb hide_on_desktop=\u00bb\u00bb hide_on_notebook=\u00bb\u00bb hide_on_tablet=\u00bb\u00bb hide_on_mobile=\u00bb\u00bb][vc_tta_accordion title_tag=\u00bbh1&#8243; section_title_tag=\u00bbh2&#8243; shape=\u00bbround\u00bb spacing=\u00bb1&#8243; c_align=\u00bbleft\u00bb c_icon=\u00bb\u00bb active_section=\u00bb1&#8243; collapsible_all=\u00bbtrue\u00bb][vc_tta_section title=\u00bb\u00bfQu\u00e9 es el ADN libre&hellip;<\/p>\n","protected":false},"author":1,"featured_media":0,"parent":0,"menu_order":0,"comment_status":"closed","ping_status":"closed","template":"","meta":{"footnotes":""},"class_list":["post-296","page","type-page","status-publish","hentry"],"_links":{"self":[{"href":"https:\/\/fetalcare.cl\/index.php\/wp-json\/wp\/v2\/pages\/296","targetHints":{"allow":["GET"]}}],"collection":[{"href":"https:\/\/fetalcare.cl\/index.php\/wp-json\/wp\/v2\/pages"}],"about":[{"href":"https:\/\/fetalcare.cl\/index.php\/wp-json\/wp\/v2\/types\/page"}],"author":[{"embeddable":true,"href":"https:\/\/fetalcare.cl\/index.php\/wp-json\/wp\/v2\/users\/1"}],"replies":[{"embeddable":true,"href":"https:\/\/fetalcare.cl\/index.php\/wp-json\/wp\/v2\/comments?post=296"}],"version-history":[{"count":46,"href":"https:\/\/fetalcare.cl\/index.php\/wp-json\/wp\/v2\/pages\/296\/revisions"}],"predecessor-version":[{"id":2029,"href":"https:\/\/fetalcare.cl\/index.php\/wp-json\/wp\/v2\/pages\/296\/revisions\/2029"}],"wp:attachment":[{"href":"https:\/\/fetalcare.cl\/index.php\/wp-json\/wp\/v2\/media?parent=296"}],"curies":[{"name":"wp","href":"https:\/\/api.w.org\/{rel}","templated":true}]}}